{"id":505,"date":"2024-08-23T19:55:59","date_gmt":"2024-08-24T00:55:59","guid":{"rendered":"https:\/\/jrgtecinpesac.net.pe\/home\/?post_type=product&#038;p=505"},"modified":"2026-02-15T15:17:36","modified_gmt":"2026-02-15T20:17:36","slug":"case-de-acrilico-para-arduino-mega","status":"publish","type":"product","link":"https:\/\/jrgtecinpesac.net.pe\/home\/product\/case-de-acrilico-para-arduino-mega\/","title":{"rendered":"Case de Acr\u00edlico para Arduino Mega"},"content":{"rendered":"<p>La <strong>caja de\u00a0<\/strong><b>acr\u00edlico<\/b> sirve para proteger los contactos que se encuentran descubiertos en nuestra tarjeta <a href=\"https:\/\/www.makercreativo.com\/store\/producto\/arduino-mega-2560\/\">Arduino MEGA 2560 R3<\/a>, es muy importante para evitar corto circuitos si se colocan sobre una superficie met\u00e1lica, protege tu Arduino con esta carcasa de acr\u00edlico transparente muy \u00fatil y econ\u00f3mica.<\/p>\n","protected":false},"excerpt":{"rendered":"<h3>contiene:<\/h3>\n<ul>\n<li>(6) Laminas de acr\u00edlico recortado<\/li>\n<li>(4) Tornillos y tuercas M2x10<\/li>\n<li>(4) Tornillos y tuercas M2x18<\/li>\n<li>(1) Gu\u00eda de ensamblaje<\/li>\n<\/ul>\n","protected":false},"featured_media":500,"comment_status":"open","ping_status":"closed","template":"","meta":{"_et_pb_use_builder":"","_et_pb_old_content":"","_et_gb_content_width":""},"product_cat":[27],"product_tag":[],"class_list":{"0":"post-505","1":"product","2":"type-product","3":"status-publish","4":"has-post-thumbnail","6":"product_cat-arduino","8":"first","9":"instock","10":"taxable","11":"shipping-taxable","12":"purchasable","13":"product-type-simple"},"_links":{"self":[{"href":"https:\/\/jrgtecinpesac.net.pe\/home\/wp-json\/wp\/v2\/product\/505","targetHints":{"allow":["GET"]}}],"collection":[{"href":"https:\/\/jrgtecinpesac.net.pe\/home\/wp-json\/wp\/v2\/product"}],"about":[{"href":"https:\/\/jrgtecinpesac.net.pe\/home\/wp-json\/wp\/v2\/types\/product"}],"replies":[{"embeddable":true,"href":"https:\/\/jrgtecinpesac.net.pe\/home\/wp-json\/wp\/v2\/comments?post=505"}],"wp:featuredmedia":[{"embeddable":true,"href":"https:\/\/jrgtecinpesac.net.pe\/home\/wp-json\/wp\/v2\/media\/500"}],"wp:attachment":[{"href":"https:\/\/jrgtecinpesac.net.pe\/home\/wp-json\/wp\/v2\/media?parent=505"}],"wp:term":[{"taxonomy":"product_cat","embeddable":true,"href":"https:\/\/jrgtecinpesac.net.pe\/home\/wp-json\/wp\/v2\/product_cat?post=505"},{"taxonomy":"product_tag","embeddable":true,"href":"https:\/\/jrgtecinpesac.net.pe\/home\/wp-json\/wp\/v2\/product_tag?post=505"}],"curies":[{"name":"wp","href":"https:\/\/api.w.org\/{rel}","templated":true}]}}