{"id":469,"date":"2024-03-22T18:03:38","date_gmt":"2024-03-22T23:03:38","guid":{"rendered":"https:\/\/jrgtecinpesac.net.pe\/home\/?post_type=product&#038;p=469"},"modified":"2024-08-25T16:47:17","modified_gmt":"2024-08-25T21:47:17","slug":"transistor-npn-bipolar-2sc5200","status":"publish","type":"product","link":"https:\/\/jrgtecinpesac.net.pe\/home\/product\/transistor-npn-bipolar-2sc5200\/","title":{"rendered":"Transistor NPN Bipolar 2SC5200"},"content":{"rendered":"<p><strong>Principales Caracter\u00edsticas:\u00a0<\/strong><\/p>\n<ul>\n<li>Tipo de Encapsulado: TO-247<\/li>\n<li>Transistor complementario\u00a02SA1943<\/li>\n<li>Transistor equivalente a C5200, NTE2328<\/li>\n<li>Transistor de Uni\u00f3n Bipolar BJT Tipo NPN<\/li>\n<li>Voltaje Colector &#8211; Emisor (VCE): 230V<\/li>\n<li>Voltaje Colector &#8211; Base (VCB): 230V<\/li>\n<li>Voltaje Emisor &#8211; Base (VEB): 5V<\/li>\n<li>Corriente Colector (IC): 15A<\/li>\n<li>Corriente Base (IB): 1.5A<\/li>\n<li>Potencia M\u00e1xima Disipada (PD): 150W<\/li>\n<li>Ganancia M\u00e1xima (hFE): 160<\/li>\n<li>Frecuencia de Trabajo (FT): 30 MHz<\/li>\n<\/ul>\n","protected":false},"excerpt":{"rendered":"<p style=\"text-align: left;\">2SC5200 Transistor BJT NPN 230V &#8211; 15A TO-247. Este transistor es capaz de disipar hasta 150W, aun as\u00ed, puede controlar dispositivos que consuman hasta 15A o que requieran tensiones de hasta 230VDC, siempre y cuando no se exija el dispositivo hasta o sobre su potencia de disipaci\u00f3n m\u00e1xima. Su juntura es NPN, con un factor de amplificaci\u00f3n\u00a0(hFE) que varia de acuerdo a la carga a utilizar, variando entre 35 y 160.\u00a0Dispositivo dise\u00f1ado para\u00a0etapas de salida de sonido en amplificadores de frecuencia de audio de alta fidelidad de 100W.<\/p>\n","protected":false},"featured_media":470,"comment_status":"open","ping_status":"closed","template":"","meta":{"_et_pb_use_builder":"off","_et_pb_old_content":"<strong><img class=\"alignnone size-medium wp-image-470\" src=\"https:\/\/jrgtecinpesac.net.pe\/home\/wp-content\/uploads\/2024\/03\/2sc5200-285x300.jpg\" alt=\"\" width=\"285\" height=\"300\" \/><\/strong>","_et_gb_content_width":""},"product_cat":[23],"product_tag":[],"class_list":{"0":"post-469","1":"product","2":"type-product","3":"status-publish","4":"has-post-thumbnail","6":"product_cat-electronica","8":"first","9":"instock","10":"sale","11":"taxable","12":"shipping-taxable","13":"purchasable","14":"product-type-simple"},"_links":{"self":[{"href":"https:\/\/jrgtecinpesac.net.pe\/home\/wp-json\/wp\/v2\/product\/469","targetHints":{"allow":["GET"]}}],"collection":[{"href":"https:\/\/jrgtecinpesac.net.pe\/home\/wp-json\/wp\/v2\/product"}],"about":[{"href":"https:\/\/jrgtecinpesac.net.pe\/home\/wp-json\/wp\/v2\/types\/product"}],"replies":[{"embeddable":true,"href":"https:\/\/jrgtecinpesac.net.pe\/home\/wp-json\/wp\/v2\/comments?post=469"}],"wp:featuredmedia":[{"embeddable":true,"href":"https:\/\/jrgtecinpesac.net.pe\/home\/wp-json\/wp\/v2\/media\/470"}],"wp:attachment":[{"href":"https:\/\/jrgtecinpesac.net.pe\/home\/wp-json\/wp\/v2\/media?parent=469"}],"wp:term":[{"taxonomy":"product_cat","embeddable":true,"href":"https:\/\/jrgtecinpesac.net.pe\/home\/wp-json\/wp\/v2\/product_cat?post=469"},{"taxonomy":"product_tag","embeddable":true,"href":"https:\/\/jrgtecinpesac.net.pe\/home\/wp-json\/wp\/v2\/product_tag?post=469"}],"curies":[{"name":"wp","href":"https:\/\/api.w.org\/{rel}","templated":true}]}}