{"id":342,"date":"2024-02-26T17:00:36","date_gmt":"2024-02-26T22:00:36","guid":{"rendered":"https:\/\/jrgtecinpesac.net.pe\/home\/?post_type=product&#038;p=342"},"modified":"2024-07-26T17:51:16","modified_gmt":"2024-07-26T22:51:16","slug":"modulo-joystick","status":"publish","type":"product","link":"https:\/\/jrgtecinpesac.net.pe\/home\/product\/modulo-joystick\/","title":{"rendered":"M\u00d3DULO JOYSTICK"},"content":{"rendered":"<p>M\u00f3dulo de mando. Tiene dos ejes de movimiento y en cada uno hay una potenci\u00f3metro que te da una resistencia de acuerdo a la posici\u00f3n. A dem\u00e1s incluye un pulsador. \u00a0Puedes alimentarlo con cualquier voltaje, recomendable 5Vd<\/p>\n","protected":false},"excerpt":{"rendered":"<p>M\u00f3dulo de mando. Tiene dos ejes de movimiento y en cada uno hay una potenci\u00f3metro que te da una resistencia de acuerdo a la posici\u00f3n. A dem\u00e1s incluye un pulsador. \u00a0Puedes alimentarlo con cualquier voltaje, recomendable 5Vd<\/p>\n","protected":false},"featured_media":343,"comment_status":"open","ping_status":"closed","template":"","meta":{"_et_pb_use_builder":"","_et_pb_old_content":"","_et_gb_content_width":""},"product_cat":[21],"product_tag":[],"class_list":{"0":"post-342","1":"product","2":"type-product","3":"status-publish","4":"has-post-thumbnail","6":"product_cat-robotica","8":"first","9":"instock","10":"taxable","11":"shipping-taxable","12":"purchasable","13":"product-type-simple"},"_links":{"self":[{"href":"https:\/\/jrgtecinpesac.net.pe\/home\/wp-json\/wp\/v2\/product\/342","targetHints":{"allow":["GET"]}}],"collection":[{"href":"https:\/\/jrgtecinpesac.net.pe\/home\/wp-json\/wp\/v2\/product"}],"about":[{"href":"https:\/\/jrgtecinpesac.net.pe\/home\/wp-json\/wp\/v2\/types\/product"}],"replies":[{"embeddable":true,"href":"https:\/\/jrgtecinpesac.net.pe\/home\/wp-json\/wp\/v2\/comments?post=342"}],"wp:featuredmedia":[{"embeddable":true,"href":"https:\/\/jrgtecinpesac.net.pe\/home\/wp-json\/wp\/v2\/media\/343"}],"wp:attachment":[{"href":"https:\/\/jrgtecinpesac.net.pe\/home\/wp-json\/wp\/v2\/media?parent=342"}],"wp:term":[{"taxonomy":"product_cat","embeddable":true,"href":"https:\/\/jrgtecinpesac.net.pe\/home\/wp-json\/wp\/v2\/product_cat?post=342"},{"taxonomy":"product_tag","embeddable":true,"href":"https:\/\/jrgtecinpesac.net.pe\/home\/wp-json\/wp\/v2\/product_tag?post=342"}],"curies":[{"name":"wp","href":"https:\/\/api.w.org\/{rel}","templated":true}]}}